{"id":24,"date":"2025-11-03T12:32:56","date_gmt":"2025-11-03T12:32:56","guid":{"rendered":"https:\/\/caring-peach-dolphin.144-208-72-44.cpanel.site\/?page_id=24"},"modified":"2026-02-26T16:00:54","modified_gmt":"2026-02-26T16:00:54","slug":"apoiar-a-acbba","status":"publish","type":"page","link":"https:\/\/azoreswhaleboat.com\/en\/apoiar-a-acbba\/","title":{"rendered":"Support ACBBA"},"content":{"rendered":"<p>Est\u00e1 em desenvolvimento a promo\u00e7\u00e3o de uma campanha de Crowdfounding promovida pela ACBBA.<\/p>\n\n\n\n<p>Em breve publicaremos mais informa\u00e7\u00f5es sobre a mesma.<\/p>","protected":false},"excerpt":{"rendered":"Est\u00e1 em desenvolvimento a promo\u00e7\u00e3o de uma campanha de Crowdfounding promovida pela ACBBA. Em breve publicaremos mais informa\u00e7\u00f5es sobre a mesma.","protected":false},"author":1,"featured_media":61,"parent":0,"menu_order":0,"comment_status":"closed","ping_status":"closed","template":"page-apoiar-a-acbba.php","meta":{"footnotes":""},"class_list":["post-24","page","type-page","status-publish","has-post-thumbnail","hentry"],"_links":{"self":[{"href":"https:\/\/azoreswhaleboat.com\/en\/wp-json\/wp\/v2\/pages\/24","targetHints":{"allow":["GET"]}}],"collection":[{"href":"https:\/\/azoreswhaleboat.com\/en\/wp-json\/wp\/v2\/pages"}],"about":[{"href":"https:\/\/azoreswhaleboat.com\/en\/wp-json\/wp\/v2\/types\/page"}],"author":[{"embeddable":true,"href":"https:\/\/azoreswhaleboat.com\/en\/wp-json\/wp\/v2\/users\/1"}],"replies":[{"embeddable":true,"href":"https:\/\/azoreswhaleboat.com\/en\/wp-json\/wp\/v2\/comments?post=24"}],"version-history":[{"count":5,"href":"https:\/\/azoreswhaleboat.com\/en\/wp-json\/wp\/v2\/pages\/24\/revisions"}],"predecessor-version":[{"id":140,"href":"https:\/\/azoreswhaleboat.com\/en\/wp-json\/wp\/v2\/pages\/24\/revisions\/140"}],"wp:featuredmedia":[{"embeddable":true,"href":"https:\/\/azoreswhaleboat.com\/en\/wp-json\/wp\/v2\/media\/61"}],"wp:attachment":[{"href":"https:\/\/azoreswhaleboat.com\/en\/wp-json\/wp\/v2\/media?parent=24"}],"curies":[{"name":"wp","href":"https:\/\/api.w.org\/{rel}","templated":true}]}}