{"id":36,"date":"2025-11-03T12:42:03","date_gmt":"2025-11-03T12:42:03","guid":{"rendered":"https:\/\/caring-peach-dolphin.144-208-72-44.cpanel.site\/?page_id=36"},"modified":"2026-02-27T18:31:28","modified_gmt":"2026-02-27T18:31:28","slug":"a-historia-da-acbba","status":"publish","type":"page","link":"https:\/\/azoreswhaleboat.com\/en\/a-historia-da-acbba\/","title":{"rendered":"The History of ACBBA"},"content":{"rendered":"\n<p>Um grupo de cidad\u00e3os interessados procurou dar o seu contributo para a dinamiza\u00e7\u00e3o da vertente desportiva associada ao Bote Baleeiro.<\/p>\n\n\n\n<p>Pensamos que a constitui\u00e7\u00e3o de uma associa\u00e7\u00e3o [ACBBA] poderia contribuir para colocar o bote baleeiro num patamar muito mais interessante para todos os A\u00e7orianos e para todas as ilhas.<br>Por outro lado ainda, o assunto da constitui\u00e7\u00e3o da associa\u00e7\u00e3o para desenvolvimento da vertente desportiva insere-se numa din\u00e2mica de futuro associada \u00e0 t\u00e3o propalada nova Economia do Mar, onde se destacam assuntos t\u00e3o relevantes como a Estrat\u00e9gia Nacional para o Mar, a Pol\u00edtica Mar\u00edtima Europeia, a Extens\u00e3o da Plataforma Continental, o Patrim\u00f3nio Mar\u00edtimo Europeu, etc., onde os A\u00e7ores t\u00eam um papel preponderante a assumir.<\/p>\n\n\n\n<p>Da\u00ed que um grupo de cidad\u00e3os conscientes desta realidade conceptual pretenderam dar o seu contributo c\u00edvico, legitimado pela espontaneidade e pela liberdade da iniciativa, conhecedores exig\u00eancia da responsabilidade na interven\u00e7\u00e3o em \u00abespa\u00e7o p\u00fablico\u00bb.<\/p>\n\n\n\n<p>Esta associa\u00e7\u00e3o iniciou a sua atividade elaborando um protocolo de ced\u00eancia e utiliza\u00e7\u00e3o do bote \u201cSenhora de F\u00e1tima\u201d, matr\u00edcula SG-98-B. Este bote, originalmente constru\u00eddo em 1945 nas Capelas pelo armador Crist\u00f3v\u00e3o Mota Soares, foi totalmente reconstru\u00eddo em 2010 pela empresa de observa\u00e7\u00e3o de cet\u00e1ceos de Vila Franca do Campo, a TERRA AZUL.<br>\u200d<br>Promove at\u00e9 hoje tamb\u00e9m participa\u00e7\u00e3o em provas do calend\u00e1rio de regatas nas ilhas do Pico e Faial de equipas de remo, tanto feminino como masculino, como tamb\u00e9m de vela em eventos desportivos e culturais de refer\u00eancia na Cultura Baleeira dos A\u00e7ores.<\/p>\n\n\n\n<p>Atualmente a ACBBA tem j\u00e1 tamb\u00e9m \u00e0 sua guarda outros dois botes \u00fanicos, o \u201cSanta Madalena\u201d e o \u201cVeloz\u201d constam da lista de botes classificados como patrim\u00f3nio baleeiro regional. O grande objetivo \u00e9 recuperar estas duas embarca\u00e7\u00f5es. N\u00e3o apenas pelo seu elevad\u00edssimo valor sociocultural e patrimonial, mas sobretudo para refor\u00e7ar a oferta desportiva do remo e da vela para adultos.<\/p>\n","protected":false},"excerpt":{"rendered":"Um grupo de cidad\u00e3os interessados procurou dar o seu contributo para a dinamiza\u00e7\u00e3o da vertente desportiva associada ao Bote Baleeiro. Pensamos que a constitui\u00e7\u00e3o de uma associa\u00e7\u00e3o [ACBBA] poderia contribuir para colocar o bote baleeiro num patamar muito mais interessante para todos os A\u00e7orianos e para todas as ilhas.Por outro lado ainda, o assunto da&#8230; <a class=\"view-article\" href=\"https:\/\/azoreswhaleboat.com\/en\/a-historia-da-acbba\/\">View Article<\/a>","protected":false},"author":1,"featured_media":142,"parent":0,"menu_order":0,"comment_status":"closed","ping_status":"closed","template":"page-historia-da-acbba.php","meta":{"footnotes":""},"class_list":["post-36","page","type-page","status-publish","has-post-thumbnail","hentry"],"_links":{"self":[{"href":"https:\/\/azoreswhaleboat.com\/en\/wp-json\/wp\/v2\/pages\/36","targetHints":{"allow":["GET"]}}],"collection":[{"href":"https:\/\/azoreswhaleboat.com\/en\/wp-json\/wp\/v2\/pages"}],"about":[{"href":"https:\/\/azoreswhaleboat.com\/en\/wp-json\/wp\/v2\/types\/page"}],"author":[{"embeddable":true,"href":"https:\/\/azoreswhaleboat.com\/en\/wp-json\/wp\/v2\/users\/1"}],"replies":[{"embeddable":true,"href":"https:\/\/azoreswhaleboat.com\/en\/wp-json\/wp\/v2\/comments?post=36"}],"version-history":[{"count":4,"href":"https:\/\/azoreswhaleboat.com\/en\/wp-json\/wp\/v2\/pages\/36\/revisions"}],"predecessor-version":[{"id":137,"href":"https:\/\/azoreswhaleboat.com\/en\/wp-json\/wp\/v2\/pages\/36\/revisions\/137"}],"wp:featuredmedia":[{"embeddable":true,"href":"https:\/\/azoreswhaleboat.com\/en\/wp-json\/wp\/v2\/media\/142"}],"wp:attachment":[{"href":"https:\/\/azoreswhaleboat.com\/en\/wp-json\/wp\/v2\/media?parent=36"}],"curies":[{"name":"wp","href":"https:\/\/api.w.org\/{rel}","templated":true}]}}